{"id":744,"date":"2026-03-23T23:43:18","date_gmt":"2026-03-23T23:43:18","guid":{"rendered":"http:\/\/edsongodinho.com\/?page_id=744"},"modified":"2026-04-10T02:45:14","modified_gmt":"2026-04-10T02:45:14","slug":"exposicoes","status":"publish","type":"page","link":"https:\/\/edsongodinho.com\/?page_id=744","title":{"rendered":"exposi\u00e7\u00f5es"},"content":{"rendered":"\n<p>2020 &#8211; Negras Cabe\u00e7as &#8211; Paranava\u00ed &#8211; PR<\/p>\n\n\n\n<figure class=\"wp-block-image size-large\"><img decoding=\"async\" loading=\"lazy\" width=\"1024\" height=\"761\" src=\"https:\/\/edsongodinho.com\/wp-content\/uploads\/2026\/03\/7edsongodinho-exposicao-negras-cabecas-Paranavai-1024x761.png\" alt=\"\" class=\"wp-image-770\" srcset=\"https:\/\/edsongodinho.com\/wp-content\/uploads\/2026\/03\/7edsongodinho-exposicao-negras-cabecas-Paranavai-1024x761.png 1024w, https:\/\/edsongodinho.com\/wp-content\/uploads\/2026\/03\/7edsongodinho-exposicao-negras-cabecas-Paranavai-300x223.png 300w, https:\/\/edsongodinho.com\/wp-content\/uploads\/2026\/03\/7edsongodinho-exposicao-negras-cabecas-Paranavai-768x571.png 768w, https:\/\/edsongodinho.com\/wp-content\/uploads\/2026\/03\/7edsongodinho-exposicao-negras-cabecas-Paranavai-1536x1142.png 1536w, https:\/\/edsongodinho.com\/wp-content\/uploads\/2026\/03\/7edsongodinho-exposicao-negras-cabecas-Paranavai-1568x1165.png 1568w, https:\/\/edsongodinho.com\/wp-content\/uploads\/2026\/03\/7edsongodinho-exposicao-negras-cabecas-Paranavai.png 2048w\" sizes=\"(max-width: 1024px) 100vw, 1024px\" \/><\/figure>\n\n\n\n<figure class=\"wp-block-gallery has-nested-images columns-default is-cropped wp-block-gallery-1 is-layout-flex\">\n<figure class=\"wp-block-image size-large\"><img decoding=\"async\" loading=\"lazy\" width=\"1024\" height=\"768\" data-id=\"772\"  src=\"https:\/\/edsongodinho.com\/wp-content\/uploads\/2026\/03\/7edsongodinho-exposicao-negras-cabecas-Paranavai-01-1024x768.png\" alt=\"\" class=\"wp-image-772\" srcset=\"https:\/\/edsongodinho.com\/wp-content\/uploads\/2026\/03\/7edsongodinho-exposicao-negras-cabecas-Paranavai-01-1024x768.png 1024w, https:\/\/edsongodinho.com\/wp-content\/uploads\/2026\/03\/7edsongodinho-exposicao-negras-cabecas-Paranavai-01-300x225.png 300w, https:\/\/edsongodinho.com\/wp-content\/uploads\/2026\/03\/7edsongodinho-exposicao-negras-cabecas-Paranavai-01-768x576.png 768w, https:\/\/edsongodinho.com\/wp-content\/uploads\/2026\/03\/7edsongodinho-exposicao-negras-cabecas-Paranavai-01-1536x1152.png 1536w, https:\/\/edsongodinho.com\/wp-content\/uploads\/2026\/03\/7edsongodinho-exposicao-negras-cabecas-Paranavai-01-1568x1176.png 1568w, https:\/\/edsongodinho.com\/wp-content\/uploads\/2026\/03\/7edsongodinho-exposicao-negras-cabecas-Paranavai-01.png 2048w\" sizes=\"(max-width: 1024px) 100vw, 1024px\" \/><\/figure>\n<\/figure>\n\n\n\n<figure class=\"wp-block-image size-large\"><img decoding=\"async\" loading=\"lazy\" width=\"1024\" height=\"628\" src=\"https:\/\/edsongodinho.com\/wp-content\/uploads\/2026\/03\/7edsongodinho-exposicao-negras-cabecas-Paranavai-02-1024x628.png\" alt=\"\" class=\"wp-image-773\" srcset=\"https:\/\/edsongodinho.com\/wp-content\/uploads\/2026\/03\/7edsongodinho-exposicao-negras-cabecas-Paranavai-02-1024x628.png 1024w, https:\/\/edsongodinho.com\/wp-content\/uploads\/2026\/03\/7edsongodinho-exposicao-negras-cabecas-Paranavai-02-300x184.png 300w, https:\/\/edsongodinho.com\/wp-content\/uploads\/2026\/03\/7edsongodinho-exposicao-negras-cabecas-Paranavai-02-768x471.png 768w, https:\/\/edsongodinho.com\/wp-content\/uploads\/2026\/03\/7edsongodinho-exposicao-negras-cabecas-Paranavai-02-1536x942.png 1536w, https:\/\/edsongodinho.com\/wp-content\/uploads\/2026\/03\/7edsongodinho-exposicao-negras-cabecas-Paranavai-02-1568x962.png 1568w, https:\/\/edsongodinho.com\/wp-content\/uploads\/2026\/03\/7edsongodinho-exposicao-negras-cabecas-Paranavai-02.png 2048w\" sizes=\"(max-width: 1024px) 100vw, 1024px\" \/><\/figure>\n\n\n\n<p>&#8211;<\/p>\n\n\n\n<p>2024 &#8211; Escada &#8211; Londrina &#8211; PR<\/p>\n\n\n\n<figure class=\"wp-block-image size-large\"><img decoding=\"async\" loading=\"lazy\" width=\"1024\" height=\"576\" src=\"https:\/\/edsongodinho.com\/wp-content\/uploads\/2026\/03\/7edsongodinho-exposicao-escada-londrina-1024x576.png\" alt=\"\" class=\"wp-image-777\" srcset=\"https:\/\/edsongodinho.com\/wp-content\/uploads\/2026\/03\/7edsongodinho-exposicao-escada-londrina-1024x576.png 1024w, https:\/\/edsongodinho.com\/wp-content\/uploads\/2026\/03\/7edsongodinho-exposicao-escada-londrina-300x169.png 300w, https:\/\/edsongodinho.com\/wp-content\/uploads\/2026\/03\/7edsongodinho-exposicao-escada-londrina-768x432.png 768w, https:\/\/edsongodinho.com\/wp-content\/uploads\/2026\/03\/7edsongodinho-exposicao-escada-londrina.png 1280w\" sizes=\"(max-width: 1024px) 100vw, 1024px\" \/><\/figure>\n\n\n\n<figure class=\"wp-block-image size-large\"><img decoding=\"async\" loading=\"lazy\" width=\"1024\" height=\"576\" src=\"https:\/\/edsongodinho.com\/wp-content\/uploads\/2026\/03\/7edsongodinho-exposicao-escada-londrina-02-1024x576.png\" alt=\"\" class=\"wp-image-778\" srcset=\"https:\/\/edsongodinho.com\/wp-content\/uploads\/2026\/03\/7edsongodinho-exposicao-escada-londrina-02-1024x576.png 1024w, https:\/\/edsongodinho.com\/wp-content\/uploads\/2026\/03\/7edsongodinho-exposicao-escada-londrina-02-300x169.png 300w, https:\/\/edsongodinho.com\/wp-content\/uploads\/2026\/03\/7edsongodinho-exposicao-escada-londrina-02-768x432.png 768w, https:\/\/edsongodinho.com\/wp-content\/uploads\/2026\/03\/7edsongodinho-exposicao-escada-londrina-02.png 1280w\" sizes=\"(max-width: 1024px) 100vw, 1024px\" \/><\/figure>\n\n\n\n<figure class=\"wp-block-image size-large\"><img decoding=\"async\" loading=\"lazy\" width=\"1024\" height=\"576\" src=\"https:\/\/edsongodinho.com\/wp-content\/uploads\/2026\/03\/7edsongodinho-exposicao-escada-londrina-01-1024x576.png\" alt=\"\" class=\"wp-image-779\" srcset=\"https:\/\/edsongodinho.com\/wp-content\/uploads\/2026\/03\/7edsongodinho-exposicao-escada-londrina-01-1024x576.png 1024w, https:\/\/edsongodinho.com\/wp-content\/uploads\/2026\/03\/7edsongodinho-exposicao-escada-londrina-01-300x169.png 300w, https:\/\/edsongodinho.com\/wp-content\/uploads\/2026\/03\/7edsongodinho-exposicao-escada-londrina-01-768x432.png 768w, https:\/\/edsongodinho.com\/wp-content\/uploads\/2026\/03\/7edsongodinho-exposicao-escada-londrina-01.png 1280w\" sizes=\"(max-width: 1024px) 100vw, 1024px\" \/><\/figure>\n\n\n\n<p>&#8211;<\/p>\n\n\n\n<p>2024 &#8211; Cabe\u00e7as &#8211; Curitiba &#8211; PR<\/p>\n\n\n\n<figure class=\"wp-block-image size-full\"><img decoding=\"async\" loading=\"lazy\" width=\"1000\" height=\"665\" src=\"https:\/\/edsongodinho.com\/wp-content\/uploads\/2026\/03\/7edsongodinho-exposicao-cabecas-curitiba.jpg\" alt=\"\" class=\"wp-image-781\" srcset=\"https:\/\/edsongodinho.com\/wp-content\/uploads\/2026\/03\/7edsongodinho-exposicao-cabecas-curitiba.jpg 1000w, https:\/\/edsongodinho.com\/wp-content\/uploads\/2026\/03\/7edsongodinho-exposicao-cabecas-curitiba-300x200.jpg 300w, https:\/\/edsongodinho.com\/wp-content\/uploads\/2026\/03\/7edsongodinho-exposicao-cabecas-curitiba-768x511.jpg 768w\" sizes=\"(max-width: 1000px) 100vw, 1000px\" \/><\/figure>\n\n\n\n<figure class=\"wp-block-image size-large\"><img decoding=\"async\" loading=\"lazy\" width=\"1024\" height=\"570\" src=\"https:\/\/edsongodinho.com\/wp-content\/uploads\/2026\/03\/7edsongodinho-cabecas-curitiba-02-1024x570.png\" alt=\"\" class=\"wp-image-782\" srcset=\"https:\/\/edsongodinho.com\/wp-content\/uploads\/2026\/03\/7edsongodinho-cabecas-curitiba-02-1024x570.png 1024w, https:\/\/edsongodinho.com\/wp-content\/uploads\/2026\/03\/7edsongodinho-cabecas-curitiba-02-300x167.png 300w, https:\/\/edsongodinho.com\/wp-content\/uploads\/2026\/03\/7edsongodinho-cabecas-curitiba-02-768x428.png 768w, https:\/\/edsongodinho.com\/wp-content\/uploads\/2026\/03\/7edsongodinho-cabecas-curitiba-02.png 1194w\" sizes=\"(max-width: 1024px) 100vw, 1024px\" \/><\/figure>\n\n\n\n<figure class=\"wp-block-image size-full\"><img decoding=\"async\" loading=\"lazy\" width=\"1000\" height=\"665\" src=\"https:\/\/edsongodinho.com\/wp-content\/uploads\/2026\/03\/7edsongodinho-cabecas-curitiba-01.png\" alt=\"\" class=\"wp-image-783\" srcset=\"https:\/\/edsongodinho.com\/wp-content\/uploads\/2026\/03\/7edsongodinho-cabecas-curitiba-01.png 1000w, https:\/\/edsongodinho.com\/wp-content\/uploads\/2026\/03\/7edsongodinho-cabecas-curitiba-01-300x200.png 300w, https:\/\/edsongodinho.com\/wp-content\/uploads\/2026\/03\/7edsongodinho-cabecas-curitiba-01-768x511.png 768w\" sizes=\"(max-width: 1000px) 100vw, 1000px\" \/><\/figure>\n\n\n\n<p>&#8211;<\/p>\n\n\n\n<p>2024 &#8211; Ata-me Almod\u00f3var &#8211; Curitiba &#8211; PR<\/p>\n\n\n\n<figure class=\"wp-block-image size-large\"><img decoding=\"async\" loading=\"lazy\" width=\"1024\" height=\"715\" src=\"https:\/\/edsongodinho.com\/wp-content\/uploads\/2026\/04\/7edsongodinho-exposicao-ata-me-almodovar-1-1024x715.png\" alt=\"\" class=\"wp-image-837\" srcset=\"https:\/\/edsongodinho.com\/wp-content\/uploads\/2026\/04\/7edsongodinho-exposicao-ata-me-almodovar-1-1024x715.png 1024w, https:\/\/edsongodinho.com\/wp-content\/uploads\/2026\/04\/7edsongodinho-exposicao-ata-me-almodovar-1-300x209.png 300w, https:\/\/edsongodinho.com\/wp-content\/uploads\/2026\/04\/7edsongodinho-exposicao-ata-me-almodovar-1-768x536.png 768w, https:\/\/edsongodinho.com\/wp-content\/uploads\/2026\/04\/7edsongodinho-exposicao-ata-me-almodovar-1-1536x1072.png 1536w, https:\/\/edsongodinho.com\/wp-content\/uploads\/2026\/04\/7edsongodinho-exposicao-ata-me-almodovar-1-2048x1430.png 2048w, https:\/\/edsongodinho.com\/wp-content\/uploads\/2026\/04\/7edsongodinho-exposicao-ata-me-almodovar-1-1568x1095.png 1568w\" sizes=\"(max-width: 1024px) 100vw, 1024px\" \/><\/figure>\n\n\n\n<figure class=\"wp-block-image size-large\"><img decoding=\"async\" loading=\"lazy\" width=\"1024\" height=\"759\" src=\"https:\/\/edsongodinho.com\/wp-content\/uploads\/2026\/04\/7edsongodinho-exposicao-ata-me-almodovar-1-1-1024x759.png\" alt=\"\" class=\"wp-image-848\" srcset=\"https:\/\/edsongodinho.com\/wp-content\/uploads\/2026\/04\/7edsongodinho-exposicao-ata-me-almodovar-1-1-1024x759.png 1024w, https:\/\/edsongodinho.com\/wp-content\/uploads\/2026\/04\/7edsongodinho-exposicao-ata-me-almodovar-1-1-300x222.png 300w, https:\/\/edsongodinho.com\/wp-content\/uploads\/2026\/04\/7edsongodinho-exposicao-ata-me-almodovar-1-1-768x569.png 768w, https:\/\/edsongodinho.com\/wp-content\/uploads\/2026\/04\/7edsongodinho-exposicao-ata-me-almodovar-1-1.png 1200w\" sizes=\"(max-width: 1024px) 100vw, 1024px\" \/><\/figure>\n\n\n\n<figure class=\"wp-block-image size-large\"><img decoding=\"async\" loading=\"lazy\" width=\"1024\" height=\"670\" src=\"https:\/\/edsongodinho.com\/wp-content\/uploads\/2026\/04\/7edsongodinho-exposicao-ata-me-almodovar-2-1024x670.png\" alt=\"\" class=\"wp-image-853\" srcset=\"https:\/\/edsongodinho.com\/wp-content\/uploads\/2026\/04\/7edsongodinho-exposicao-ata-me-almodovar-2-1024x670.png 1024w, https:\/\/edsongodinho.com\/wp-content\/uploads\/2026\/04\/7edsongodinho-exposicao-ata-me-almodovar-2-300x196.png 300w, https:\/\/edsongodinho.com\/wp-content\/uploads\/2026\/04\/7edsongodinho-exposicao-ata-me-almodovar-2-768x503.png 768w, https:\/\/edsongodinho.com\/wp-content\/uploads\/2026\/04\/7edsongodinho-exposicao-ata-me-almodovar-2-1536x1005.png 1536w, https:\/\/edsongodinho.com\/wp-content\/uploads\/2026\/04\/7edsongodinho-exposicao-ata-me-almodovar-2-1568x1026.png 1568w, https:\/\/edsongodinho.com\/wp-content\/uploads\/2026\/04\/7edsongodinho-exposicao-ata-me-almodovar-2.png 1600w\" sizes=\"(max-width: 1024px) 100vw, 1024px\" \/><\/figure>\n\n\n\n<p>&#8211;<\/p>\n\n\n\n<p>2024 &#8211; Cruzos do Amor &#8211; Jacarezinho &#8211; PR<\/p>\n\n\n\n<figure class=\"wp-block-image size-large\"><img decoding=\"async\" loading=\"lazy\" width=\"1024\" height=\"728\" src=\"https:\/\/edsongodinho.com\/wp-content\/uploads\/2026\/04\/7edsongodinho-exposicao-cruzos-do-amor-1-1024x728.png\" alt=\"\" class=\"wp-image-843\" srcset=\"https:\/\/edsongodinho.com\/wp-content\/uploads\/2026\/04\/7edsongodinho-exposicao-cruzos-do-amor-1-1024x728.png 1024w, https:\/\/edsongodinho.com\/wp-content\/uploads\/2026\/04\/7edsongodinho-exposicao-cruzos-do-amor-1-300x213.png 300w, https:\/\/edsongodinho.com\/wp-content\/uploads\/2026\/04\/7edsongodinho-exposicao-cruzos-do-amor-1-768x546.png 768w, https:\/\/edsongodinho.com\/wp-content\/uploads\/2026\/04\/7edsongodinho-exposicao-cruzos-do-amor-1-1536x1092.png 1536w, https:\/\/edsongodinho.com\/wp-content\/uploads\/2026\/04\/7edsongodinho-exposicao-cruzos-do-amor-1-1568x1114.png 1568w, https:\/\/edsongodinho.com\/wp-content\/uploads\/2026\/04\/7edsongodinho-exposicao-cruzos-do-amor-1.png 1600w\" sizes=\"(max-width: 1024px) 100vw, 1024px\" \/><\/figure>\n\n\n\n<figure class=\"wp-block-image size-large\"><img decoding=\"async\" loading=\"lazy\" width=\"1024\" height=\"720\" src=\"https:\/\/edsongodinho.com\/wp-content\/uploads\/2026\/04\/7edsongodinho-exposicao-cruzos-do-amor-2-1024x720.png\" alt=\"\" class=\"wp-image-844\" srcset=\"https:\/\/edsongodinho.com\/wp-content\/uploads\/2026\/04\/7edsongodinho-exposicao-cruzos-do-amor-2-1024x720.png 1024w, https:\/\/edsongodinho.com\/wp-content\/uploads\/2026\/04\/7edsongodinho-exposicao-cruzos-do-amor-2-300x211.png 300w, https:\/\/edsongodinho.com\/wp-content\/uploads\/2026\/04\/7edsongodinho-exposicao-cruzos-do-amor-2-768x540.png 768w, https:\/\/edsongodinho.com\/wp-content\/uploads\/2026\/04\/7edsongodinho-exposicao-cruzos-do-amor-2.png 1200w\" sizes=\"(max-width: 1024px) 100vw, 1024px\" \/><\/figure>\n\n\n\n<figure class=\"wp-block-image size-large\"><img decoding=\"async\" loading=\"lazy\" width=\"1024\" height=\"612\" src=\"https:\/\/edsongodinho.com\/wp-content\/uploads\/2026\/04\/7edsongodinho-exposicao-cruzos-do-amor-3-1024x612.png\" alt=\"\" class=\"wp-image-845\" srcset=\"https:\/\/edsongodinho.com\/wp-content\/uploads\/2026\/04\/7edsongodinho-exposicao-cruzos-do-amor-3-1024x612.png 1024w, https:\/\/edsongodinho.com\/wp-content\/uploads\/2026\/04\/7edsongodinho-exposicao-cruzos-do-amor-3-300x179.png 300w, https:\/\/edsongodinho.com\/wp-content\/uploads\/2026\/04\/7edsongodinho-exposicao-cruzos-do-amor-3-768x459.png 768w, https:\/\/edsongodinho.com\/wp-content\/uploads\/2026\/04\/7edsongodinho-exposicao-cruzos-do-amor-3.png 1522w\" sizes=\"(max-width: 1024px) 100vw, 1024px\" \/><\/figure>\n\n\n\n<p>&#8211;<\/p>\n\n\n\n<p>2025 &#8211; Todos os Meninos que Amei na Minha Vida &#8211; Curitiba &#8211; PR<\/p>\n\n\n\n<figure class=\"wp-block-image size-large\"><img decoding=\"async\" loading=\"lazy\" width=\"1024\" height=\"684\" src=\"https:\/\/edsongodinho.com\/wp-content\/uploads\/2026\/04\/7edsongodinho-exposicao-todos-os-meninos-1024x684.png\" alt=\"\" class=\"wp-image-850\" srcset=\"https:\/\/edsongodinho.com\/wp-content\/uploads\/2026\/04\/7edsongodinho-exposicao-todos-os-meninos-1024x684.png 1024w, https:\/\/edsongodinho.com\/wp-content\/uploads\/2026\/04\/7edsongodinho-exposicao-todos-os-meninos-300x200.png 300w, https:\/\/edsongodinho.com\/wp-content\/uploads\/2026\/04\/7edsongodinho-exposicao-todos-os-meninos-768x513.png 768w, https:\/\/edsongodinho.com\/wp-content\/uploads\/2026\/04\/7edsongodinho-exposicao-todos-os-meninos.png 1348w\" sizes=\"(max-width: 1024px) 100vw, 1024px\" \/><\/figure>\n\n\n\n<figure class=\"wp-block-image size-large\"><img decoding=\"async\" loading=\"lazy\" width=\"1024\" height=\"583\" src=\"https:\/\/edsongodinho.com\/wp-content\/uploads\/2026\/04\/7edsongodinho-exposicao-todos-os-meninos-7-1024x583.png\" alt=\"\" class=\"wp-image-851\" srcset=\"https:\/\/edsongodinho.com\/wp-content\/uploads\/2026\/04\/7edsongodinho-exposicao-todos-os-meninos-7-1024x583.png 1024w, https:\/\/edsongodinho.com\/wp-content\/uploads\/2026\/04\/7edsongodinho-exposicao-todos-os-meninos-7-300x171.png 300w, https:\/\/edsongodinho.com\/wp-content\/uploads\/2026\/04\/7edsongodinho-exposicao-todos-os-meninos-7-768x437.png 768w, https:\/\/edsongodinho.com\/wp-content\/uploads\/2026\/04\/7edsongodinho-exposicao-todos-os-meninos-7-1536x875.png 1536w, https:\/\/edsongodinho.com\/wp-content\/uploads\/2026\/04\/7edsongodinho-exposicao-todos-os-meninos-7-2048x1166.png 2048w, https:\/\/edsongodinho.com\/wp-content\/uploads\/2026\/04\/7edsongodinho-exposicao-todos-os-meninos-7-1568x893.png 1568w\" sizes=\"(max-width: 1024px) 100vw, 1024px\" \/><\/figure>\n\n\n\n<p>2025 &#8211; O Galp\u00e3o &#8211; Jacarezinho &#8211; PR<\/p>\n\n\n\n<figure class=\"wp-block-image size-full\"><img decoding=\"async\" loading=\"lazy\" width=\"900\" height=\"708\" src=\"https:\/\/edsongodinho.com\/wp-content\/uploads\/2026\/04\/7edsongodinho-exposicao-o-galpao.png\" alt=\"\" class=\"wp-image-840\" srcset=\"https:\/\/edsongodinho.com\/wp-content\/uploads\/2026\/04\/7edsongodinho-exposicao-o-galpao.png 900w, https:\/\/edsongodinho.com\/wp-content\/uploads\/2026\/04\/7edsongodinho-exposicao-o-galpao-300x236.png 300w, https:\/\/edsongodinho.com\/wp-content\/uploads\/2026\/04\/7edsongodinho-exposicao-o-galpao-768x604.png 768w\" sizes=\"(max-width: 900px) 100vw, 900px\" \/><\/figure>\n\n\n\n<figure class=\"wp-block-image size-large\"><img decoding=\"async\" loading=\"lazy\" width=\"1024\" height=\"682\" src=\"https:\/\/edsongodinho.com\/wp-content\/uploads\/2026\/04\/7edsongodinho-exposicao-o-galpao-2-1024x682.png\" alt=\"\" class=\"wp-image-858\" srcset=\"https:\/\/edsongodinho.com\/wp-content\/uploads\/2026\/04\/7edsongodinho-exposicao-o-galpao-2-1024x682.png 1024w, https:\/\/edsongodinho.com\/wp-content\/uploads\/2026\/04\/7edsongodinho-exposicao-o-galpao-2-300x200.png 300w, https:\/\/edsongodinho.com\/wp-content\/uploads\/2026\/04\/7edsongodinho-exposicao-o-galpao-2-768x512.png 768w, https:\/\/edsongodinho.com\/wp-content\/uploads\/2026\/04\/7edsongodinho-exposicao-o-galpao-2.png 1244w\" sizes=\"(max-width: 1024px) 100vw, 1024px\" \/><\/figure>\n\n\n\n<figure class=\"wp-block-image size-large\"><img decoding=\"async\" loading=\"lazy\" width=\"1024\" height=\"682\" src=\"https:\/\/edsongodinho.com\/wp-content\/uploads\/2026\/04\/7edsongodinho-exposicao-o-galpao-1-1-1024x682.png\" alt=\"\" class=\"wp-image-859\" srcset=\"https:\/\/edsongodinho.com\/wp-content\/uploads\/2026\/04\/7edsongodinho-exposicao-o-galpao-1-1-1024x682.png 1024w, https:\/\/edsongodinho.com\/wp-content\/uploads\/2026\/04\/7edsongodinho-exposicao-o-galpao-1-1-300x200.png 300w, https:\/\/edsongodinho.com\/wp-content\/uploads\/2026\/04\/7edsongodinho-exposicao-o-galpao-1-1-768x512.png 768w, https:\/\/edsongodinho.com\/wp-content\/uploads\/2026\/04\/7edsongodinho-exposicao-o-galpao-1-1.png 1244w\" sizes=\"(max-width: 1024px) 100vw, 1024px\" \/><\/figure>\n\n\n\n<figure class=\"wp-block-image size-large\"><img decoding=\"async\" loading=\"lazy\" width=\"1024\" height=\"682\" src=\"https:\/\/edsongodinho.com\/wp-content\/uploads\/2026\/04\/7edsongodinho-exposicao-o-galpao-3-1024x682.png\" alt=\"\" class=\"wp-image-860\" srcset=\"https:\/\/edsongodinho.com\/wp-content\/uploads\/2026\/04\/7edsongodinho-exposicao-o-galpao-3-1024x682.png 1024w, https:\/\/edsongodinho.com\/wp-content\/uploads\/2026\/04\/7edsongodinho-exposicao-o-galpao-3-300x200.png 300w, https:\/\/edsongodinho.com\/wp-content\/uploads\/2026\/04\/7edsongodinho-exposicao-o-galpao-3-768x512.png 768w, https:\/\/edsongodinho.com\/wp-content\/uploads\/2026\/04\/7edsongodinho-exposicao-o-galpao-3.png 1244w\" sizes=\"(max-width: 1024px) 100vw, 1024px\" \/><\/figure>\n","protected":false},"excerpt":{"rendered":"<p>2020 &#8211; Negras Cabe\u00e7as &#8211; Paranava\u00ed &#8211; PR &#8211; 2024 &#8211; Escada &#8211; Londrina &#8211; PR &#8211; 2024 &#8211; Cabe\u00e7as &#8211; Curitiba &#8211; PR &#8211; 2024 &#8211; Ata-me Almod\u00f3var &#8211; Curitiba &#8211; PR &#8211; 2024 &#8211; Cruzos do Amor &#8211; Jacarezinho &#8211; PR &#8211; 2025 &#8211; Todos os Meninos que Amei na Minha Vida &#8211; &hellip; <\/p>\n<p class=\"link-more\"><a href=\"https:\/\/edsongodinho.com\/?page_id=744\" class=\"more-link\">Continue lendo<span class=\"screen-reader-text\"> &#8220;exposi\u00e7\u00f5es&#8221;<\/span><\/a><\/p>\n","protected":false},"author":1,"featured_media":0,"parent":0,"menu_order":0,"comment_status":"closed","ping_status":"closed","template":"","meta":[],"_links":{"self":[{"href":"https:\/\/edsongodinho.com\/index.php?rest_route=\/wp\/v2\/pages\/744"}],"collection":[{"href":"https:\/\/edsongodinho.com\/index.php?rest_route=\/wp\/v2\/pages"}],"about":[{"href":"https:\/\/edsongodinho.com\/index.php?rest_route=\/wp\/v2\/types\/page"}],"author":[{"embeddable":true,"href":"https:\/\/edsongodinho.com\/index.php?rest_route=\/wp\/v2\/users\/1"}],"replies":[{"embeddable":true,"href":"https:\/\/edsongodinho.com\/index.php?rest_route=%2Fwp%2Fv2%2Fcomments&post=744"}],"version-history":[{"count":20,"href":"https:\/\/edsongodinho.com\/index.php?rest_route=\/wp\/v2\/pages\/744\/revisions"}],"predecessor-version":[{"id":861,"href":"https:\/\/edsongodinho.com\/index.php?rest_route=\/wp\/v2\/pages\/744\/revisions\/861"}],"wp:attachment":[{"href":"https:\/\/edsongodinho.com\/index.php?rest_route=%2Fwp%2Fv2%2Fmedia&parent=744"}],"curies":[{"name":"wp","href":"https:\/\/api.w.org\/{rel}","templated":true}]}}